{"id":9794,"date":"2025-03-14T03:17:05","date_gmt":"2025-03-14T03:17:05","guid":{"rendered":"https:\/\/staging.targeticon.com\/en-coaching\/bize-ulasin\/"},"modified":"2025-11-08T20:36:30","modified_gmt":"2025-11-08T20:36:30","slug":"bize-ulasin","status":"publish","type":"page","link":"https:\/\/elifnesibe.com\/tr\/bize-ulasin\/","title":{"rendered":"Bize ula\u015f\u0131n"},"content":{"rendered":"\t\t<div data-elementor-type=\"wp-page\" data-elementor-id=\"9794\" class=\"elementor elementor-9794 elementor-855\">\n\t\t\t\t<div class=\"elementor-element elementor-element-0b15bf5 e-flex e-con-boxed pxl-row-scroll-none pxl-column-none pxl-full-content-with-space-none e-con e-parent \" data-id=\"0b15bf5\" data-element_type=\"container\" data-e-type=\"container\">\t\t\t<div class=\"e-con-inner\">\r\n\t\t\t\t<div class=\"elementor-element elementor-element-0b1571f elementor-widget elementor-widget-pxl_heading\" data-id=\"0b1571f\" data-element_type=\"widget\" data-e-type=\"widget\" data-widget_type=\"pxl_heading.default\">\n\t\t\t\t<div class=\"elementor-widget-container\">\n\t\t\t\t\t\n<div id=\"pxl-pxl_heading-0b1571f-3780\" class=\"pxl-heading px-sub-title-default-style \">\n\t<div class=\"pxl-heading--inner\">\n\t\t\n\t\t<h2 class=\"pxl-item--title style-default  highlight-default pxl-split-text split-up\" data-wow-delay=\"ms\">\n\t\t\t\t\tOfislerimiz\t\n\t\t\t\n\t\t<\/h2>\n\t\t\n\t<\/div>\n<\/div>\t\t\t\t<\/div>\n\t\t\t\t<\/div>\n\t\t\t\t<div class=\"elementor-element elementor-element-6fa1c96 elementor-widget elementor-widget-pxl_text_editor\" data-id=\"6fa1c96\" data-element_type=\"widget\" data-e-type=\"widget\" data-widget_type=\"pxl_text_editor.default\">\n\t\t\t\t<div class=\"elementor-widget-container\">\n\t\t\t\t\t<div class=\"pxl-text-editor default\">\n\t<div class=\"pxl-item--inner  \" data-wow-delay=\"ms\">\n\t\t<p>D\u00fcnyan\u0131n d\u00f6rt bir yan\u0131ndaki son teknoloji ofislerimizi ke\u015ffedin; burada inovasyon i\u015f birli\u011fiyle bulu\u015fuyor ve uzman deste\u011fi sadece bir telefon uza\u011f\u0131n\u0131zda.<\/p>\t\t\n\t<\/div>\n<\/div>\t\t\t\t<\/div>\n\t\t\t\t<\/div>\n\t\t\t\t\t<\/div>\r\n\t\t\t\t<\/div>\r\n\t\t<div class=\"elementor-element elementor-element-f2a1126 e-flex e-con-boxed pxl-row-scroll-none pxl-column-none pxl-full-content-with-space-none e-con e-parent \" data-id=\"f2a1126\" data-element_type=\"container\" data-e-type=\"container\">\t\t\t<div class=\"e-con-inner\">\r\n\t\t<div class=\"elementor-element elementor-element-d468201 e-con-full e-flex pxl-row-scroll-none pxl-column-none pxl-full-content-with-space-none e-con e-child \" data-id=\"d468201\" data-element_type=\"container\" data-e-type=\"container\" data-settings=\"{&quot;background_background&quot;:&quot;gradient&quot;}\"><div class=\"elementor-element elementor-element-2271f40 e-con-full e-flex pxl-row-scroll-none pxl-column-none pxl-full-content-with-space-none e-con e-child \" data-id=\"2271f40\" data-element_type=\"container\" data-e-type=\"container\"><div class=\"elementor-element elementor-element-141fa9c e-con-full e-flex pxl-row-scroll-none pxl-column-none pxl-full-content-with-space-none e-con e-child \" data-id=\"141fa9c\" data-element_type=\"container\" data-e-type=\"container\">\t\t<div class=\"elementor-element elementor-element-c679dfe elementor-widget elementor-widget-pxl_heading\" data-id=\"c679dfe\" data-element_type=\"widget\" data-e-type=\"widget\" data-widget_type=\"pxl_heading.default\">\n\t\t\t\t<div class=\"elementor-widget-container\">\n\t\t\t\t\t\n<div id=\"pxl-pxl_heading-c679dfe-7175\" class=\"pxl-heading px-sub-title-default-style \">\n\t<div class=\"pxl-heading--inner\">\n\t\t\n\t\t<h2 class=\"pxl-item--title style-default  highlight-default pxl-split-text split-up\" data-wow-delay=\"ms\">\n\t\t\t\t\tHadi konu\u015fal\u0131m\t\n\t\t\t\n\t\t<\/h2>\n\t\t\n\t<\/div>\n<\/div>\t\t\t\t<\/div>\n\t\t\t\t<\/div>\n\t\t\t\t<div class=\"elementor-element elementor-element-89e272b elementor-widget elementor-widget-pxl_text_editor\" data-id=\"89e272b\" data-element_type=\"widget\" data-e-type=\"widget\" data-widget_type=\"pxl_text_editor.default\">\n\t\t\t\t<div class=\"elementor-widget-container\">\n\t\t\t\t\t<div class=\"pxl-text-editor default\">\n\t<div class=\"pxl-item--inner  \" data-wow-delay=\"ms\">\n\t\t<p>Tan\u0131\u015fal\u0131m. Sorular\u0131n\u0131z\u0131 cevaplayal\u0131m. Birlikte \u00e7\u00f6z\u00fcmler arayal\u0131m. Fark\u0131ndal\u0131klar\u0131m\u0131zla kendimizi daha iyi hissedelim.<\/p>\t\t\n\t<\/div>\n<\/div>\t\t\t\t<\/div>\n\t\t\t\t<\/div>\n\t\t\t\t<div class=\"elementor-element elementor-element-6c851e4 elementor-widget elementor-widget-pxl_link\" data-id=\"6c851e4\" data-element_type=\"widget\" data-e-type=\"widget\" data-widget_type=\"pxl_link.default\">\n\t\t\t\t<div class=\"elementor-widget-container\">\n\t\t\t\t\t<div class=\"pxl-link-wrap\">\r\n    <h3 class=\"pxl-widget-title pxl-empty\"><\/h3>\r\n            <ul id=\"pxl-link-pxl_link-6c851e4-5960\" class=\"pxl-link pxl-link-l1 style-box type-horizontal\">\r\n                                <li class=\"pxl-item--link  \">\r\n                        <a class=\"\" >\r\n                            <svg xmlns=\"http:\/\/www.w3.org\/2000\/svg\" width=\"21\" height=\"22\" viewBox=\"0 0 21 22\" fill=\"none\"><rect y=\"0.5\" width=\"21\" height=\"21\" rx=\"10.5\" fill=\"white\"><\/rect><path d=\"M9.45472 14C9.30448 14 9.20432 13.9503 9.10416 13.8509L6.65024 11.267C6.44992 11.0682 6.44992 10.77 6.65024 10.5713C6.85056 10.3725 7.15104 10.3725 7.35136 10.5713L9.40464 12.7577L13.6114 8.18606C13.7616 7.9873 14.1122 7.9376 14.3125 8.08668C14.5128 8.23575 14.5629 8.5836 14.4126 8.78236L14.3626 8.83206L9.80528 13.8012C9.7552 13.9503 9.60496 14 9.45472 14Z\" fill=\"#5230DA\"><\/path><\/svg>                            <span>7\/24 \u00c7evrimi\u00e7i Destek<\/span>\r\n                                                    <\/a>\r\n                    <\/li>\r\n                                <li class=\"pxl-item--link  \">\r\n                        <a class=\"\" >\r\n                            <svg xmlns=\"http:\/\/www.w3.org\/2000\/svg\" width=\"21\" height=\"22\" viewBox=\"0 0 21 22\" fill=\"none\"><rect y=\"0.5\" width=\"21\" height=\"21\" rx=\"10.5\" fill=\"white\"><\/rect><path d=\"M9.45472 14C9.30448 14 9.20432 13.9503 9.10416 13.8509L6.65024 11.267C6.44992 11.0682 6.44992 10.77 6.65024 10.5713C6.85056 10.3725 7.15104 10.3725 7.35136 10.5713L9.40464 12.7577L13.6114 8.18606C13.7616 7.9873 14.1122 7.9376 14.3125 8.08668C14.5128 8.23575 14.5629 8.5836 14.4126 8.78236L14.3626 8.83206L9.80528 13.8012C9.7552 13.9503 9.60496 14 9.45472 14Z\" fill=\"#5230DA\"><\/path><\/svg>                            <span>\u00dccretsiz Dan\u0131\u015fmanl\u0131k<\/span>\r\n                                                    <\/a>\r\n                    <\/li>\r\n                    <\/ul>\r\n    <\/div>\t\t\t\t<\/div>\n\t\t\t\t<\/div>\n\t\t\t\t<\/div>\r\n\t\t\t\t<div class=\"elementor-element elementor-element-a934929 elementor-widget elementor-widget-pxl_location\" data-id=\"a934929\" data-element_type=\"widget\" data-e-type=\"widget\" data-widget_type=\"pxl_location.default\">\n\t\t\t\t<div class=\"elementor-widget-container\">\n\t\t\t\t\t<div class=\"pxl-location pxl-location1 \" data-wow-delay=\"ms\">\r\n            <div class=\"pxl-image\">\r\n            <img decoding=\"async\" src=\"https:\/\/elifnesibe.com\/wp-content\/uploads\/2025\/04\/map-ct.webp\" class=\"attachment-full\" alt=\"\" \/>        <\/div>\r\n        <div class=\"pxl-list\">\r\n                    <div  class=\"pxl--item elementor-repeater-item-a27cbb7\">\r\n                                    <span>New York<\/span>\r\n                            <\/div>\r\n                    <div  class=\"pxl--item elementor-repeater-item-3702ed4\">\r\n                                    <span>Vienna<\/span>\r\n                            <\/div>\r\n                    <div  class=\"pxl--item elementor-repeater-item-53401f1\">\r\n                                    <span>Greenville<\/span>\r\n                            <\/div>\r\n                    <div  class=\"pxl--item elementor-repeater-item-b9400bd\">\r\n                                    <span>Punchbowl<\/span>\r\n                            <\/div>\r\n                    <div  class=\"pxl--item elementor-repeater-item-64ef3a2\">\r\n                                    <span>Sydney<\/span>\r\n                            <\/div>\r\n            <\/div>\r\n<\/div>\r\n\t\t\t\t<\/div>\n\t\t\t\t<\/div>\n\t\t\t\t<\/div>\r\n\t\t<div class=\"elementor-element elementor-element-61e62f4 e-con-full e-flex pxl-row-scroll-none pxl-column-none pxl-full-content-with-space-none e-con e-child \" data-id=\"61e62f4\" data-element_type=\"container\" data-e-type=\"container\">\t\t<div class=\"elementor-element elementor-element-1db779a wow PXLZoom2 elementor-widget elementor-widget-pxl_contact_form\" data-id=\"1db779a\" data-element_type=\"widget\" data-e-type=\"widget\" data-widget_type=\"pxl_contact_form.default\">\n\t\t\t\t<div class=\"elementor-widget-container\">\n\t\t\t\t\t    <div class=\"pxl-contact-form pxl-contact-form1 btn-w-auto \" data-wow-delay=\"ms\">\r\n            \n<div class=\"wpcf7 no-js\" id=\"wpcf7-f6-o1\" lang=\"en-US\" dir=\"ltr\" data-wpcf7-id=\"6\">\n<div class=\"screen-reader-response\"><p role=\"status\" aria-live=\"polite\" aria-atomic=\"true\"><\/p> <ul><\/ul><\/div>\n<form action=\"\/tr\/wp-json\/wp\/v2\/pages\/9794#wpcf7-f6-o1\" method=\"post\" class=\"wpcf7-form init\" aria-label=\"Contact form\" novalidate=\"novalidate\" data-status=\"init\">\n<fieldset class=\"hidden-fields-container\"><input type=\"hidden\" name=\"_wpcf7\" value=\"6\" \/><input type=\"hidden\" name=\"_wpcf7_version\" value=\"6.1.5\" \/><input type=\"hidden\" name=\"_wpcf7_locale\" value=\"en_US\" \/><input type=\"hidden\" name=\"_wpcf7_unit_tag\" value=\"wpcf7-f6-o1\" \/><input type=\"hidden\" name=\"_wpcf7_container_post\" value=\"0\" \/><input type=\"hidden\" name=\"_wpcf7_posted_data_hash\" value=\"\" \/>\n<\/fieldset>\n<div class=\"wrap-ctf-page wrap-form ct-home6\">\n\t<div class=\"containter\">\n\t\t<div class=\"row\">\n\t\t\t<div class=\"input-filled col-xl-6 col-lg-6 col-md-6 col-sm-6 col-xs-12\"><span class=\"wpcf7-form-control-wrap your-name\"><span class=\"wpcf7-form-control-wrap\" data-name=\"your-name\"><input size=\"40\" maxlength=\"400\" class=\"wpcf7-form-control wpcf7-text wpcf7-validates-as-required\" aria-required=\"true\" aria-invalid=\"false\" placeholder=\"Name*\" value=\"\" type=\"text\" name=\"your-name\" \/><\/span><\/span><\/div>   \n\t\t\t<div class=\"input-filled col-xl-6 col-lg-6 col-md-6 col-sm-6 col-xs-12\"><span class=\"wpcf7-form-control-wrap your-email\"><span class=\"wpcf7-form-control-wrap\" data-name=\"your-email\"><input size=\"40\" maxlength=\"400\" class=\"wpcf7-form-control wpcf7-email wpcf7-validates-as-required wpcf7-text wpcf7-validates-as-email\" aria-required=\"true\" aria-invalid=\"false\" placeholder=\"Phone number\" value=\"\" type=\"email\" name=\"your-email\" \/><\/span><\/span><\/div> \t\t\n\t\t\t<div class=\"input-filled col-xl-6 col-lg-6 col-md-12 col-sm-12 col-xs-12\"><span class=\"wpcf7-form-control-wrap your-phone\"><span class=\"wpcf7-form-control-wrap\" data-name=\"your-phone\"><input size=\"40\" maxlength=\"400\" class=\"wpcf7-form-control wpcf7-tel wpcf7-validates-as-required wpcf7-text wpcf7-validates-as-tel\" aria-required=\"true\" aria-invalid=\"false\" placeholder=\"Email*\" value=\"\" type=\"tel\" name=\"your-phone\" \/><\/span><\/span><\/div>\n\t\t\t<div class=\"input-filled col-xl-6 col-lg-6 col-md-12 col-sm-12 col-xs-12\"><span class=\"wpcf7-form-control-wrap your-products\"><span class=\"wpcf7-form-control-wrap\" data-name=\"menu-516\"><select class=\"wpcf7-form-control wpcf7-select\" aria-invalid=\"false\" name=\"menu-516\"><option value=\"What can we help you with?*\">What can we help you with?*<\/option><option value=\"Emotional Coaching\">Emotional Coaching<\/option><option value=\"Parent Coaching\">Parent Coaching<\/option><option value=\"Family &amp; Relationship\">Family &amp; Relationship<\/option><\/select><\/span><\/span><\/div>  \n\t\t\t\n\t\t\t<div class=\"input-filled col-xl-12\"><span class=\"wpcf7-form-control-wrap your-messeage\"><span class=\"wpcf7-form-control-wrap\" data-name=\"your-messeage\"><textarea cols=\"40\" rows=\"10\" maxlength=\"2000\" class=\"wpcf7-form-control wpcf7-textarea wpcf7-validates-as-required\" aria-required=\"true\" aria-invalid=\"false\" placeholder=\"Messeage...\" name=\"your-messeage\"><\/textarea><\/span><\/span><\/div>\n\t\t\t<div class=\"input-filled cf-center-btn col-xl-12\"><button type=\"submit\" class=\"wpcf7-submit wpcf7-btn-abs btn btn-2-icons btn-default btn-text-nanuk\"><span class=\"pxl--btn-text\" data-text=\"Send\"><span style=\"transition-delay: 0.045s; animation-delay: 0.05s;\" class=\"\">S<\/span><span style=\"transition-delay: 0.09s; animation-delay: 0.1s;\" class=\"\">e<\/span><span style=\"transition-delay: 0.135s; animation-delay: 0.15s;\" class=\"\">n<\/span><span class=\"spacer\" style=\"transition-delay: 0.18s; animation-delay: 0.2s;\">d<\/span><span class=\"spacer\" style=\"animation-delay: 0.25s;\">&nbsp;<\/span><\/span><svg xmlns=\"http:\/\/www.w3.org\/2000\/svg\" width=\"17\" height=\"14\" viewBox=\"0 0 17 14\" fill=\"none\"><path d=\"M10.2 0.199951L9.01 1.38995L13.77 6.14995H0V7.84995H13.77L9.01 12.61L10.2 13.8L17 6.99995L10.2 0.199951Z\" fill=\"#5230DA\"><\/path><\/svg><\/button><\/div>\n\t\t\t<\/div>\n\t\t<\/div>\n\t<\/div><div class=\"wpcf7-response-output\" aria-hidden=\"true\"><\/div>\n<\/form>\n<\/div>\n    <div id=\"qrcode\" class=\"hide-qr\"><\/div>\r\n<\/div>\r\n\t\t\t\t<\/div>\n\t\t\t\t<\/div>\n\t\t\t\t<\/div>\r\n\t\t\t\t<\/div>\r\n\t\t\t\t\t<\/div>\r\n\t\t\t\t<\/div>\r\n\t\t\t\t<\/div>\n\t\t","protected":false},"excerpt":{"rendered":"<p>Ofislerimiz D\u00fcnyan\u0131n d\u00f6rt bir yan\u0131ndaki son teknoloji ofislerimizi ke\u015ffedin; burada inovasyon i\u015f birli\u011fiyle bulu\u015fuyor ve uzman deste\u011fi sadece bir telefon uza\u011f\u0131n\u0131zda. Hadi konu\u015fal\u0131m Tan\u0131\u015fal\u0131m. Sorular\u0131n\u0131z\u0131 cevaplayal\u0131m. Birlikte \u00e7\u00f6z\u00fcmler arayal\u0131m. Fark\u0131ndal\u0131klar\u0131m\u0131zla kendimizi daha iyi hissedelim. 7\/24 \u00c7evrimi\u00e7i Destek \u00dccretsiz Dan\u0131\u015fmanl\u0131k New York Vienna Greenville Punchbowl Sydney What can we help you with?*Emotional CoachingParent CoachingFamily &amp; Relationship [&hellip;]<\/p>\n","protected":false},"author":1,"featured_media":0,"parent":0,"menu_order":0,"comment_status":"closed","ping_status":"closed","template":"","meta":{"footnotes":""},"class_list":["post-9794","page","type-page","status-publish","hentry"],"_links":{"self":[{"href":"https:\/\/elifnesibe.com\/tr\/wp-json\/wp\/v2\/pages\/9794","targetHints":{"allow":["GET"]}}],"collection":[{"href":"https:\/\/elifnesibe.com\/tr\/wp-json\/wp\/v2\/pages"}],"about":[{"href":"https:\/\/elifnesibe.com\/tr\/wp-json\/wp\/v2\/types\/page"}],"author":[{"embeddable":true,"href":"https:\/\/elifnesibe.com\/tr\/wp-json\/wp\/v2\/users\/1"}],"replies":[{"embeddable":true,"href":"https:\/\/elifnesibe.com\/tr\/wp-json\/wp\/v2\/comments?post=9794"}],"version-history":[{"count":4,"href":"https:\/\/elifnesibe.com\/tr\/wp-json\/wp\/v2\/pages\/9794\/revisions"}],"predecessor-version":[{"id":9821,"href":"https:\/\/elifnesibe.com\/tr\/wp-json\/wp\/v2\/pages\/9794\/revisions\/9821"}],"wp:attachment":[{"href":"https:\/\/elifnesibe.com\/tr\/wp-json\/wp\/v2\/media?parent=9794"}],"curies":[{"name":"wp","href":"https:\/\/api.w.org\/{rel}","templated":true}]}}